{"id":1614,"date":"2016-11-28T13:44:55","date_gmt":"2016-11-28T12:44:55","guid":{"rendered":"https:\/\/www.landhotel-michaelishof.de\/stellenangebote.html"},"modified":"2022-08-03T15:41:40","modified_gmt":"2022-08-03T13:41:40","slug":"stellenangebote","status":"publish","type":"page","link":"https:\/\/www.landhotel-michaelishof.de\/en\/stellenangebote.html","title":{"rendered":"Stellenangebote"},"content":{"rendered":"<div id='full_slider_1'  class='avia-fullwidth-slider main_color avia-shadow   avia-builder-el-0  el_before_av_heading  avia-builder-el-first   container_wrap sidebar_right'  ><div  class='avia-slideshow av-k5i84x8p-afc79fb78b37e2807136d39af3a9e38a avia-slideshow-no scaling av_slideshow_full avia-fade-slider av-slideshow-ui av-control-hidden av-no-slider-navigation av-hide-nav-arrows av-slideshow-manual av-loop-once av-loop-manual-endless av-default-height-applied  image_no_stretch avia-slideshow-1' data-slideshow-options=\"{&quot;animation&quot;:&quot;fade&quot;,&quot;autoplay&quot;:false,&quot;loop_autoplay&quot;:&quot;once&quot;,&quot;interval&quot;:100,&quot;loop_manual&quot;:&quot;manual-endless&quot;,&quot;autoplay_stopper&quot;:false,&quot;noNavigation&quot;:true,&quot;bg_slider&quot;:false,&quot;keep_padding&quot;:false,&quot;hoverpause&quot;:false,&quot;show_slide_delay&quot;:0}\"  itemprop=\"image\" itemscope=\"itemscope\" itemtype=\"https:\/\/schema.org\/ImageObject\" ><ul class='avia-slideshow-inner ' style='padding-bottom: 28.645833333333%;'><li  class='avia-slideshow-slide av-k5i84x8p-afc79fb78b37e2807136d39af3a9e38a__0  av-single-slide slide-1 slide-odd'><div data-rel='slideshow-1' class='avia-slide-wrap '   ><div class='av-slideshow-caption av-k5i84x8p-afc79fb78b37e2807136d39af3a9e38a__0 caption_fullwidth caption_right caption_right_framed caption_framed'><div class=\"container caption_container\"><div class=\"slideshow_caption\"><div class=\"slideshow_inner_caption\"><div class=\"slideshow_align_caption\"><h2 class='avia-caption-title '  itemprop=\"name\" >W\u00e4hle einen Beruf, den Du liebst und Du brauchst keinen Tag in Deinem Leben mehr zu arbeiten.<\/h2><div class='avia-caption-content '  itemprop=\"description\" ><p>Konfuzius<\/p>\n<\/div><\/div><\/div><\/div><\/div><\/div><img src='https:\/\/www.landhotel-michaelishof.de\/lhm\/uploads\/2020\/01\/jobs.jpg' width='1920' height='550' title='jobs' alt=''  itemprop=\"thumbnailUrl\"   \/><\/div><\/li><\/ul><\/div><\/div><div id='after_full_slider_1'  class='main_color av_default_container_wrap container_wrap sidebar_right'  ><div class='container av-section-cont-open' ><div class='template-page content  av-content-small alpha units'><div class='post-entry post-entry-type-page post-entry-1614'><div class='entry-content-wrapper clearfix'>\n\n<style type=\"text\/css\" data-created_by=\"avia_inline_auto\" id=\"style-css-av-av_heading-302c71f643fefea41f3bf7edd3603d58\">\n#top .av-special-heading.av-av_heading-302c71f643fefea41f3bf7edd3603d58{\npadding-bottom:0;\nfont-size:36px;\n}\nbody .av-special-heading.av-av_heading-302c71f643fefea41f3bf7edd3603d58 .av-special-heading-tag .heading-char{\nfont-size:25px;\n}\n#top #wrap_all .av-special-heading.av-av_heading-302c71f643fefea41f3bf7edd3603d58 .av-special-heading-tag{\nfont-size:36px;\n}\n.av-special-heading.av-av_heading-302c71f643fefea41f3bf7edd3603d58 .av-subheading{\nfont-size:20px;\n}\n\n@media only screen and (min-width: 480px) and (max-width: 767px){ \n#top #wrap_all .av-special-heading.av-av_heading-302c71f643fefea41f3bf7edd3603d58 .av-special-heading-tag{\nfont-size:0.8em;\n}\n}\n\n@media only screen and (max-width: 479px){ \n#top #wrap_all .av-special-heading.av-av_heading-302c71f643fefea41f3bf7edd3603d58 .av-special-heading-tag{\nfont-size:0.8em;\n}\n}\n<\/style>\n<div  class='av-special-heading av-av_heading-302c71f643fefea41f3bf7edd3603d58 av-special-heading-h1 blockquote modern-quote  avia-builder-el-1  el_after_av_slideshow_full  el_before_av_textblock  avia-builder-el-first  av-inherit-size'><h1 class='av-special-heading-tag '  itemprop=\"headline\"  >Verst\u00e4rken Sie das Team im Landhotel Michaelishof<\/h1><div class=\"special-heading-border\"><div class=\"special-heading-inner-border\"><\/div><\/div><\/div>\n<section  class='av_textblock_section av-av_textblock-0366cc7376be6c9e82a3e9cc8987b64f '   itemscope=\"itemscope\" itemtype=\"https:\/\/schema.org\/CreativeWork\" ><div class='avia_textblock'  itemprop=\"text\" ><p>Im Restaurant und Landhotel Michaelishof in Bergen erwarten Sie abwechslungsreiche Arbeit, leistungsgerechte Entlohnung, ein unbefristetes Arbeitsverh\u00e4ltnis und ein tolles und motiviertes Team. Aktuell sind die nachstehenden Positionen vakant:<\/p>\n<\/div><\/section>\n<div  class='av-alb-blogposts template-blog  av-blog-meta-author-disabled av-blog-meta-comments-disabled av-blog-meta-category-disabled av-blog-meta-date-disabled av-blog-meta-html-info-disabled av-blog-meta-tag-disabled '  itemscope=\"itemscope\" itemtype=\"https:\/\/schema.org\/Blog\" ><article class=\"post-entry post-entry-type-standard post-entry-1999 post-loop-1 post-parity-odd post-entry-last single-big with-slider post-1999 post type-post status-publish format-standard has-post-thumbnail hentry category-stellenangebote-en\"  itemscope=\"itemscope\" itemtype=\"https:\/\/schema.org\/BlogPosting\" ><div class=\"big-preview single-big\"  itemprop=\"image\" itemscope=\"itemscope\" itemtype=\"https:\/\/schema.org\/ImageObject\" ><a href=\"https:\/\/www.landhotel-michaelishof.de\/en\/servicekraft-vollzeit-oder-teilzeit\"  title=\"Lehrstellenangebot Restaurantfachfrau \/-mann\" ><img decoding=\"async\" width=\"845\" height=\"321\" src=\"https:\/\/www.landhotel-michaelishof.de\/lhm\/uploads\/2016\/11\/jobs-azubi-845x321.jpg\" class=\"attachment-entry_with_sidebar size-entry_with_sidebar wp-post-image\" alt=\"\" \/><\/a><\/div><div class=\"blog-meta\"><\/div><div class='entry-content-wrapper clearfix standard-content'><header class=\"entry-content-header\" aria-label=\"Post: Servicekraft in Vollzeit oder Teilzeit (w\/m\/d)\"><h2 class='post-title entry-title '  itemprop=\"headline\" ><a href=\"https:\/\/www.landhotel-michaelishof.de\/en\/servicekraft-vollzeit-oder-teilzeit\" rel=\"bookmark\" title=\"Permanent Link: Servicekraft in Vollzeit oder Teilzeit (w\/m\/d)\">Servicekraft in Vollzeit oder Teilzeit (w\/m\/d)<span class=\"post-format-icon minor-meta\"><\/span><\/a><\/h2><span class=\"post-meta-infos\"><\/span><\/header><div class=\"entry-content\"  itemprop=\"text\" ><p>Seien Sie Teil unseres gro\u00dfartigen Teams im Restaurant und Landhotel Michaelishof! Wir suchen eine erfahrene Servicekraft, die Spa\u00df und Freude an der Arbeit hat und bereit ist, unseren tollen G\u00e4sten einen erstklassigen Service zu bieten. Voll- oder Teilzeitstelle zur Verf\u00fcgung. Sie haben auch die M\u00f6glichkeit, F\u00fchrungsverantwortung in unserem wachsenden Unternehmen zu \u00fcbernehmen.<\/p>\n<p><strong>Unser Angebot:<\/strong><\/p>\n<ul>\n<li>Leistungsgerechte Bezahlung, die Ihre F\u00e4higkeiten und Erfahrungen anerkennt;<\/li>\n<li>M\u00f6glichkeiten zur Weiterbildung und beruflichen Entwicklung;<\/li>\n<li>Ein super Team, das Wert auf Humor und Miteinander legt.<\/li>\n<\/ul>\n<p><strong>Ihre Aufgaben:<\/strong><\/p>\n<ul>\n<li>Sie sind Ansprechpartner f\u00fcr unsere G\u00e4ste, Kundenservice und Gastlichkeit liegen Ihnen im Blut.<\/li>\n<li>Arbeiten in einem schnellen Umfeld, um Mahlzeiten und Getr\u00e4nke zu servieren.<\/li>\n<li>Unterst\u00fctzung bei der Vorbereitung von Veranstaltungen und Sonderveranstaltungen.<\/li>\n<li>Check in und Check out der G\u00e4ste.<\/li>\n<\/ul>\n<p><strong>Ihr Profil:<\/strong><\/p>\n<ul>\n<li>Erfahrung als Servicekraft in einem Restaurant oder Hotel;<\/li>\n<li>F\u00e4higkeit zur Arbeit in einem Team und auch mal unter Druck;<\/li>\n<li>Ein hohes Ma\u00df an Professionalit\u00e4t und Anspruch auf Kundenzufriedenheit;<\/li>\n<li>Guter Humor, Einsatz und Tatendrang sind uns sehr wichtig.<\/li>\n<\/ul>\n<p>Wenn Sie sich f\u00fcr eine Karriere bei uns interessieren und glauben, dass Sie die richtige Person f\u00fcr diese Position sind, w\u00fcrden wir uns freuen, von Ihnen zu h\u00f6ren. Bewerben Sie sich jetzt:<\/p>\n<p>Landhotel Michaelishof<br \/>\nEve Hansel<br \/>\nHauptstra\u00dfe 5<br \/>\n29303 Bergen<\/p>\n<p>Telefon: 05051 &#8211; 8870<br \/>\noder per Email unter <a href=\"&#109;&#97;&#105;&#108;to:i&#110;&#102;&#111;&#64;l&#97;nd&#104;ote&#108;-&#109;&#105;chae&#108;i&#115;&#104;&#111;f&#46;de\">&#105;n&#102;&#111;&#64;l&#97;n&#100;&#104;&#111;&#116;e&#108;&#45;mic&#104;&#97;el&#105;&#115;&#104;o&#102;&#46;&#100;&#101;<\/a><\/p>\n<\/div><footer class=\"entry-footer\"><\/footer><div class='post_delimiter'><\/div><\/div><div class=\"post_author_timeline\"><\/div><span class='hidden'>\n\t\t\t\t<span class='av-structured-data'  itemprop=\"image\" itemscope=\"itemscope\" itemtype=\"https:\/\/schema.org\/ImageObject\" >\n\t\t\t\t\t\t<span itemprop='url'>https:\/\/www.landhotel-michaelishof.de\/lhm\/uploads\/2016\/11\/jobs-azubi.jpg<\/span>\n\t\t\t\t\t\t<span itemprop='height'>540<\/span>\n\t\t\t\t\t\t<span itemprop='width'>1000<\/span>\n\t\t\t\t<\/span>\n\t\t\t\t<span class='av-structured-data'  itemprop=\"publisher\" itemtype=\"https:\/\/schema.org\/Organization\" itemscope=\"itemscope\" >\n\t\t\t\t\t\t<span itemprop='name'>Landhotel Michaelishof<\/span>\n\t\t\t\t\t\t<span itemprop='logo' itemscope itemtype='https:\/\/schema.org\/ImageObject'>\n\t\t\t\t\t\t\t<span itemprop='url'>https:\/\/www.landhotel-michaelishof.de\/lhm\/uploads\/2017\/05\/logo-michaelishof-2017-300x204.png<\/span>\n\t\t\t\t\t\t<\/span>\n\t\t\t\t<\/span><span class='av-structured-data'  itemprop=\"author\" itemscope=\"itemscope\" itemtype=\"https:\/\/schema.org\/Person\" ><span itemprop='name'>Landhotel Michaelishof<\/span><\/span><span class='av-structured-data'  itemprop=\"datePublished\" datetime=\"2024-01-03T12:38:51+01:00\" >2024-01-03 12:38:51<\/span><span class='av-structured-data'  itemprop=\"dateModified\" itemtype=\"https:\/\/schema.org\/dateModified\" >2024-01-03 12:44:46<\/span><span class='av-structured-data'  itemprop=\"mainEntityOfPage\" itemtype=\"https:\/\/schema.org\/mainEntityOfPage\" ><span itemprop='name'>Servicekraft in Vollzeit oder Teilzeit (w\/m\/d)<\/span><\/span><\/span><\/article><\/div>\n","protected":false},"excerpt":{"rendered":"","protected":false},"author":1,"featured_media":0,"parent":0,"menu_order":8,"comment_status":"closed","ping_status":"closed","template":"","meta":{"footnotes":""},"class_list":["post-1614","page","type-page","status-publish","hentry"],"_links":{"self":[{"href":"https:\/\/www.landhotel-michaelishof.de\/en\/wp-json\/wp\/v2\/pages\/1614","targetHints":{"allow":["GET"]}}],"collection":[{"href":"https:\/\/www.landhotel-michaelishof.de\/en\/wp-json\/wp\/v2\/pages"}],"about":[{"href":"https:\/\/www.landhotel-michaelishof.de\/en\/wp-json\/wp\/v2\/types\/page"}],"author":[{"embeddable":true,"href":"https:\/\/www.landhotel-michaelishof.de\/en\/wp-json\/wp\/v2\/users\/1"}],"replies":[{"embeddable":true,"href":"https:\/\/www.landhotel-michaelishof.de\/en\/wp-json\/wp\/v2\/comments?post=1614"}],"version-history":[{"count":0,"href":"https:\/\/www.landhotel-michaelishof.de\/en\/wp-json\/wp\/v2\/pages\/1614\/revisions"}],"wp:attachment":[{"href":"https:\/\/www.landhotel-michaelishof.de\/en\/wp-json\/wp\/v2\/media?parent=1614"}],"curies":[{"name":"wp","href":"https:\/\/api.w.org\/{rel}","templated":true}]}}