{"id":30,"date":"2016-11-04T18:25:25","date_gmt":"2016-11-04T17:25:25","guid":{"rendered":"https:\/\/www.restaurant-michaelishof-bergen.de\/en\/?page_id=30"},"modified":"2025-07-23T12:27:47","modified_gmt":"2025-07-23T10:27:47","slug":"imprint","status":"publish","type":"page","link":"https:\/\/www.landhotel-michaelishof.de\/en\/imprint.html","title":{"rendered":"Imprint"},"content":{"rendered":"\n<style type=\"text\/css\" data-created_by=\"avia_inline_auto\" id=\"style-css-av-nmka-c9562414995eecb017d3beec30fbad79\">\n#top .av-special-heading.av-nmka-c9562414995eecb017d3beec30fbad79{\npadding-bottom:10px;\n}\nbody .av-special-heading.av-nmka-c9562414995eecb017d3beec30fbad79 .av-special-heading-tag .heading-char{\nfont-size:25px;\n}\n.av-special-heading.av-nmka-c9562414995eecb017d3beec30fbad79 .av-subheading{\nfont-size:20px;\n}\n<\/style>\n<div  class='av-special-heading av-nmka-c9562414995eecb017d3beec30fbad79 av-special-heading-h1 blockquote modern-quote  avia-builder-el-0  el_before_av_textblock  avia-builder-el-first  av-linked-heading'><h1 class='av-special-heading-tag '  itemprop=\"headline\"  >Imprint<\/h1><div class=\"special-heading-border\"><div class=\"special-heading-inner-border\"><\/div><\/div><\/div>\n\n<style type=\"text\/css\" data-created_by=\"avia_inline_auto\" id=\"style-css-av-14nra-1c8d8ffa31aed73fe110e19b7c14d635\">\n#top .av_textblock_section.av-14nra-1c8d8ffa31aed73fe110e19b7c14d635 .avia_textblock{\nfont-size:16px;\n}\n<\/style>\n<section  class='av_textblock_section av-14nra-1c8d8ffa31aed73fe110e19b7c14d635 '   itemscope=\"itemscope\" itemtype=\"https:\/\/schema.org\/CreativeWork\" ><div class='avia_textblock'  itemprop=\"text\" ><p>Eve Hansel<br \/>\nRestaurant &amp; Landhotel Michaelishof<br \/>\nHauptstr. 5<br \/>\n29303 Bergen \/ Offen<\/p>\n<p><strong>Contact<\/strong><br \/>\nPhone: 05051 \u2013 88 70<br \/>\nTelefax: 05051 \u2013 80 87<br \/>\nE-mail: info@landhotel-michaelishof.de<\/p>\n<p><strong>Consumer Dispute Resolution\/Universal Arbitration Board<\/strong><br \/>\nWe are neither obligated nor willing to participate in the dispute resolution process.<\/p>\n<p><strong>Liability for Contents<\/strong><br \/>\nAs service providers, we are liable for own contents of these websites according to Paragraph 7, Sect. 1 German Telemedia Act (TMG). However, according to Paragraphs 8 to 10 German Telemedia Act (TMG), service providers are not obligated to permanently monitor submitted or stored information or to search for evidences that indicate illegal activities.<\/p>\n<p>Legal obligations to removing information or to blocking the use of information remain unchallenged. In this case, liability is only possible at the time of knowledge about a specific violation of law. Illegal contents will be removed immediately at the time we get knowledge of them.<\/p>\n<p><strong>Liability for Links<\/strong><br \/>\nOur offer includes links to external third party websites. We have no influence on the contents of those websites, therefore we cannot guarantee for those contents. Providers or administrators of linked websites are always responsible for their own contents.<\/p>\n<p>The linked websites had been checked for possible violations of law at the time of the establishment of the link. Illegal contents were not detected at the time of the linking. A permanent monitoring of the contents of linked websites cannot be imposed without reasonable indications that there has been a violation of law. Illegal links will be removed immediately at the time we get knowledge of them.<\/p>\n<p><strong>Copyright<\/strong><br \/>\nContents and compilations published on these websites by the providers are subject to German copyright laws. Reproduction, editing, distribution as well as the use of any kind outside the scope of the copyright law require a written permission of the author or originator. Downloads and copies of these websites are permitted for private use only.<br \/>\nThe commercial use of our contents without permission of the originator is prohibited.<\/p>\n<p><strong>Picture sources<\/strong><br \/>\n\u00a9 Barbara Dudzi\u0144ska, K.-U. H\u00e4\u00dfler, Heino Pattschull, pdesign, Christa Eder, fotoart111, Wolfilser \u2013 Fotolia.com<br \/>\n\u00a9 J.M. Guyon, Pressmaster, Sandra Cunningham, gunnar3000, viperagp, olinchuk, Brebca, Subbotina Anna, aremafoto, ilolab, Gennady Kravetsky, Discovod, Zsolt Farkas, Anna Omelchenko, Rohit Seth, Rafal Stachura, juniart-photography, David Kadlec, logoff, mrdoomits \u2013 Picasa, Phovoir, Iakov Filimonov, Dutourdumonde Photography, Margarita Borodina, nelosa, kostrez, Wavebreak Media LTD. Markus Mainka, motghnit, NEIL LANGAN, Nataliia Pyzhova, motghnit, Daria Zuykova \u2013 PhotoDune<br \/>\n\u00a9 Roland Stumpp \u2013 mediaOffice GbR<br \/>\n\u00a9 Family Hansel \u2013 Restaurant and Hotel Michaelishof<br \/>\n\u00a9 Wavebreak Media, Sergey Nivens, kabvisio &#8211; 123RF<\/p>\n<div class=\"separator_30\"><\/div>\n<p>Realization of the website <a title=\"mediaOffice GbR, Wegezin MV\" href=\"https:\/\/www.mediaoffice.de\" target=\"_blank\" rel=\"noopener\"><img decoding=\"async\" class=\"mo-logo-s\" title=\"mediaOffice GbR, Wegezin MV\" src=\"https:\/\/www.mediaoffice.de\/logo\/logo-mediaoffice.png\" alt=\"mediaOffice GbR, Wegezin MV\" \/> mediaOffice GbR<\/a>, Wegezin MV<\/p>\n<div class=\"separator_30\"><\/div>\n<p><a href=\"https:\/\/www.landhotel-michaelishof.de\/en\/imprint.html\">Click here for Data Protection Notices<\/a><\/p>\n<\/div><\/section>\n","protected":false},"excerpt":{"rendered":"","protected":false},"author":1,"featured_media":0,"parent":0,"menu_order":31,"comment_status":"closed","ping_status":"closed","template":"","meta":{"footnotes":""},"class_list":["post-30","page","type-page","status-publish","hentry"],"_links":{"self":[{"href":"https:\/\/www.landhotel-michaelishof.de\/en\/wp-json\/wp\/v2\/pages\/30","targetHints":{"allow":["GET"]}}],"collection":[{"href":"https:\/\/www.landhotel-michaelishof.de\/en\/wp-json\/wp\/v2\/pages"}],"about":[{"href":"https:\/\/www.landhotel-michaelishof.de\/en\/wp-json\/wp\/v2\/types\/page"}],"author":[{"embeddable":true,"href":"https:\/\/www.landhotel-michaelishof.de\/en\/wp-json\/wp\/v2\/users\/1"}],"replies":[{"embeddable":true,"href":"https:\/\/www.landhotel-michaelishof.de\/en\/wp-json\/wp\/v2\/comments?post=30"}],"version-history":[{"count":4,"href":"https:\/\/www.landhotel-michaelishof.de\/en\/wp-json\/wp\/v2\/pages\/30\/revisions"}],"predecessor-version":[{"id":3829,"href":"https:\/\/www.landhotel-michaelishof.de\/en\/wp-json\/wp\/v2\/pages\/30\/revisions\/3829"}],"wp:attachment":[{"href":"https:\/\/www.landhotel-michaelishof.de\/en\/wp-json\/wp\/v2\/media?parent=30"}],"curies":[{"name":"wp","href":"https:\/\/api.w.org\/{rel}","templated":true}]}}